{"id":324,"date":"2022-04-27T16:44:57","date_gmt":"2022-04-27T14:44:57","guid":{"rendered":"https:\/\/haubo-media.de\/?page_id=324"},"modified":"2026-03-03T08:48:32","modified_gmt":"2026-03-03T07:48:32","slug":"home","status":"publish","type":"page","link":"https:\/\/haubo-media.de\/","title":{"rendered":"Wir bringen au\u00dfergew\u00f6hnliche K\u00fcnstler und Liebhaber einzigartiger Werke zusammen"},"content":{"rendered":"<div class=\"wp-block-image\">\n<figure class=\"aligncenter size-large is-resized\"><img loading=\"lazy\" decoding=\"async\" width=\"1024\" height=\"768\" src=\"http:\/\/haubo-media.de\/wp-content\/uploads\/2019\/11\/Logo-mini-1024x768.jpg\" alt=\"\" class=\"wp-image-238\" style=\"width:450px;height:337px\" srcset=\"https:\/\/haubo-media.de\/wp-content\/uploads\/2019\/11\/Logo-mini-1024x768.jpg 1024w, https:\/\/haubo-media.de\/wp-content\/uploads\/2019\/11\/Logo-mini-300x225.jpg 300w, https:\/\/haubo-media.de\/wp-content\/uploads\/2019\/11\/Logo-mini-768x576.jpg 768w, https:\/\/haubo-media.de\/wp-content\/uploads\/2019\/11\/Logo-mini-1200x900.jpg 1200w\" sizes=\"auto, (max-width: 709px) 85vw, (max-width: 909px) 67vw, (max-width: 1362px) 62vw, 840px\" \/><\/figure>\n<\/div>\n\n\n<p><\/p>\n\n\n\n<p class=\"has-medium-font-size\">So viele einzigartige Sch\u00f6pfungen schlummern in Schubladen, so viele spannende Geschichten bleiben unerz\u00e4hlt im Kopf der Autoren und so viele k\u00fcnstlerische Meisterwerke verstauben ungesehen in stillen Ecken.<\/p>\n\n\n\n<p class=\"has-medium-font-size\">Wir wollen das \u00e4ndern!<\/p>\n\n\n\n<h2 class=\"wp-block-heading\">Unsere Vision?<\/h2>\n\n\n\n<ul class=\"wp-block-list\">\n<li>Lyrische Meisterleistungen m\u00fcssen begeisterte Leser erreichen.<\/li>\n\n\n\n<li>Strahlende Bilder m\u00fcssen karge R\u00e4ume erhellen.<\/li>\n\n\n\n<li>Lustige Fotografien m\u00fcssen traurige Menschen erheitern.<\/li>\n\n\n\n<li>Motivierende Musik muss in die Ohren von Entmutigten gelangen.<\/li>\n\n\n\n<li>K\u00fcnstler mit Selbstzweifeln m\u00fcssen erleben, dass andere ihre Werke lieben.<\/li>\n<\/ul>\n\n\n\n<p>Genau aus diesem Grund haben wir es uns zur Aufgabe gemacht, K\u00fcnstlern dabei zu helfen ihre Werke zu ver\u00f6ffentlichen, in die Sichtbarkeit zu kommen und unterst\u00fctzen sie bei der Vermarktung ihrer sch\u00f6pferischen Meisterleistungen.<\/p>\n\n\n\n<h2 class=\"wp-block-heading\">Daher pr\u00e4sentieren wir mit Stolz einzigartige Werke von K\u00fcnstlern aus den folgenden Bereichen:<\/h2>\n\n\n\n<div class=\"wp-block-media-text alignwide is-stacked-on-mobile\" style=\"grid-template-columns:38% auto\"><figure class=\"wp-block-media-text__media\"><img loading=\"lazy\" decoding=\"async\" width=\"920\" height=\"1024\" src=\"http:\/\/haubo-media.de\/wp-content\/uploads\/2019\/10\/B\u00fccher-zur-Verwendung-920x1024.png\" alt=\"\" class=\"wp-image-216 size-full\" srcset=\"https:\/\/haubo-media.de\/wp-content\/uploads\/2019\/10\/B\u00fccher-zur-Verwendung-920x1024.png 920w, https:\/\/haubo-media.de\/wp-content\/uploads\/2019\/10\/B\u00fccher-zur-Verwendung-269x300.png 269w, https:\/\/haubo-media.de\/wp-content\/uploads\/2019\/10\/B\u00fccher-zur-Verwendung-768x855.png 768w, https:\/\/haubo-media.de\/wp-content\/uploads\/2019\/10\/B\u00fccher-zur-Verwendung-1200x1336.png 1200w\" sizes=\"auto, (max-width: 709px) 85vw, (max-width: 909px) 67vw, (max-width: 1362px) 62vw, 840px\" \/><\/figure><div class=\"wp-block-media-text__content\">\n<p><strong>ROMANE<\/strong><\/p>\n\n\n\n<p>Lyrische Meisterleistungen, die nicht nur unterhalten, sondern auch aufr\u00fctteln und motivieren.<\/p>\n\n\n\n<p>Erleben Sie actiongeladene Abenteuer, aufregende Zeitreisen, ferne L\u00e4nder, starke Frauenpower, heroische Heldengeschichten und immer garniert mit einem geh\u00f6rigen Schuss Romantik, Erotik und der einzig wahren Liebe.<\/p>\n<\/div><\/div>\n\n\n\n<div class=\"wp-block-media-text alignwide is-stacked-on-mobile\" style=\"grid-template-columns:37% auto\"><figure class=\"wp-block-media-text__media\"><img loading=\"lazy\" decoding=\"async\" width=\"1024\" height=\"758\" src=\"http:\/\/haubo-media.de\/wp-content\/uploads\/2019\/10\/Bilder-zur-Verwendung-1024x758.png\" alt=\"\" class=\"wp-image-215 size-full\" srcset=\"https:\/\/haubo-media.de\/wp-content\/uploads\/2019\/10\/Bilder-zur-Verwendung-1024x758.png 1024w, https:\/\/haubo-media.de\/wp-content\/uploads\/2019\/10\/Bilder-zur-Verwendung-300x222.png 300w, https:\/\/haubo-media.de\/wp-content\/uploads\/2019\/10\/Bilder-zur-Verwendung-768x569.png 768w, https:\/\/haubo-media.de\/wp-content\/uploads\/2019\/10\/Bilder-zur-Verwendung-1200x889.png 1200w\" sizes=\"auto, (max-width: 709px) 85vw, (max-width: 909px) 67vw, (max-width: 1362px) 62vw, 840px\" \/><\/figure><div class=\"wp-block-media-text__content\">\n<p><strong>Bilder<\/strong><\/p>\n\n\n\n<p>Leuchtende Farben und schwungvolle Pinselstriche sollen den Betrachter zum Tr\u00e4umen und Entspannen anregen.<\/p>\n\n\n\n<p>Jedes einzelne Bild soll uns wieder daran erinnern, wie bunt die Welt und wie vielseitig das Leben ist.<\/p>\n<\/div><\/div>\n\n\n\n<div class=\"wp-block-media-text alignwide is-stacked-on-mobile\" style=\"grid-template-columns:36% auto\"><figure class=\"wp-block-media-text__media\"><img loading=\"lazy\" decoding=\"async\" width=\"1024\" height=\"743\" src=\"http:\/\/haubo-media.de\/wp-content\/uploads\/2019\/10\/Musik-zur-Verwendung-1024x743.png\" alt=\"\" class=\"wp-image-221 size-full\" srcset=\"https:\/\/haubo-media.de\/wp-content\/uploads\/2019\/10\/Musik-zur-Verwendung-1024x743.png 1024w, https:\/\/haubo-media.de\/wp-content\/uploads\/2019\/10\/Musik-zur-Verwendung-300x218.png 300w, https:\/\/haubo-media.de\/wp-content\/uploads\/2019\/10\/Musik-zur-Verwendung-768x557.png 768w, https:\/\/haubo-media.de\/wp-content\/uploads\/2019\/10\/Musik-zur-Verwendung-1200x871.png 1200w\" sizes=\"auto, (max-width: 709px) 85vw, (max-width: 909px) 67vw, (max-width: 1362px) 62vw, 840px\" \/><\/figure><div class=\"wp-block-media-text__content\">\n<p><strong>Musik<\/strong><\/p>\n\n\n\n<p>Egal ob h\u00e4mmernder Rhythmus, energetische Kl\u00e4nge, traurige Balladen oder einpr\u00e4gsame Melodien.<\/p>\n\n\n\n<p>Musik kann so vieles sein: Entspannung, Motivation, Freude, Gl\u00fcck, Leid oder einfach nur ein gutes Gef\u00fchl.<\/p>\n<\/div><\/div>\n\n\n\n<div style=\"height:44px\" aria-hidden=\"true\" class=\"wp-block-spacer\"><\/div>\n\n\n\n<div style=\"height:48px\" aria-hidden=\"true\" class=\"wp-block-spacer\"><\/div>\n\n\n\n<p class=\"has-medium-font-size\"><strong>Hier finden Sie alles \u00fcber eine unserer K\u00fcnstlerinnen:<\/strong><\/p>\n\n\n\n<figure class=\"wp-block-image size-large is-resized\"><a href=\"https:\/\/www.astendana-laskish.de\"><img loading=\"lazy\" decoding=\"async\" width=\"1024\" height=\"156\" src=\"https:\/\/haubo-media.de\/wp-content\/uploads\/2022\/09\/LOGO-Astendana-Laskish-mit-Bild-zur-Verwendung-1024x156.png\" alt=\"\" class=\"wp-image-345\" style=\"width:307px;height:46px\" srcset=\"https:\/\/haubo-media.de\/wp-content\/uploads\/2022\/09\/LOGO-Astendana-Laskish-mit-Bild-zur-Verwendung-1024x156.png 1024w, https:\/\/haubo-media.de\/wp-content\/uploads\/2022\/09\/LOGO-Astendana-Laskish-mit-Bild-zur-Verwendung-300x46.png 300w, https:\/\/haubo-media.de\/wp-content\/uploads\/2022\/09\/LOGO-Astendana-Laskish-mit-Bild-zur-Verwendung-768x117.png 768w, https:\/\/haubo-media.de\/wp-content\/uploads\/2022\/09\/LOGO-Astendana-Laskish-mit-Bild-zur-Verwendung-1536x234.png 1536w, https:\/\/haubo-media.de\/wp-content\/uploads\/2022\/09\/LOGO-Astendana-Laskish-mit-Bild-zur-Verwendung-2048x312.png 2048w, https:\/\/haubo-media.de\/wp-content\/uploads\/2022\/09\/LOGO-Astendana-Laskish-mit-Bild-zur-Verwendung-1200x183.png 1200w\" sizes=\"auto, (max-width: 709px) 85vw, (max-width: 909px) 67vw, (max-width: 1362px) 62vw, 840px\" \/><\/a><\/figure>\n","protected":false},"excerpt":{"rendered":"<p>So viele einzigartige Sch\u00f6pfungen schlummern in Schubladen, so viele spannende Geschichten bleiben unerz\u00e4hlt im Kopf der Autoren und so viele k\u00fcnstlerische Meisterwerke verstauben ungesehen in stillen Ecken. Wir wollen das \u00e4ndern! Unsere Vision? Genau aus diesem Grund haben wir es uns zur Aufgabe gemacht, K\u00fcnstlern dabei zu helfen ihre Werke zu ver\u00f6ffentlichen, in die Sichtbarkeit &hellip; <a href=\"https:\/\/haubo-media.de\/\" class=\"more-link\"><span class=\"screen-reader-text\">\u201eWir bringen au\u00dfergew\u00f6hnliche K\u00fcnstler und Liebhaber einzigartiger Werke zusammen\u201c<\/span> weiterlesen<\/a><\/p>\n","protected":false},"author":1,"featured_media":0,"parent":0,"menu_order":0,"comment_status":"closed","ping_status":"closed","template":"","meta":{"footnotes":""},"class_list":["post-324","page","type-page","status-publish","hentry"],"_links":{"self":[{"href":"https:\/\/haubo-media.de\/index.php?rest_route=\/wp\/v2\/pages\/324","targetHints":{"allow":["GET"]}}],"collection":[{"href":"https:\/\/haubo-media.de\/index.php?rest_route=\/wp\/v2\/pages"}],"about":[{"href":"https:\/\/haubo-media.de\/index.php?rest_route=\/wp\/v2\/types\/page"}],"author":[{"embeddable":true,"href":"https:\/\/haubo-media.de\/index.php?rest_route=\/wp\/v2\/users\/1"}],"replies":[{"embeddable":true,"href":"https:\/\/haubo-media.de\/index.php?rest_route=%2Fwp%2Fv2%2Fcomments&post=324"}],"version-history":[{"count":19,"href":"https:\/\/haubo-media.de\/index.php?rest_route=\/wp\/v2\/pages\/324\/revisions"}],"predecessor-version":[{"id":367,"href":"https:\/\/haubo-media.de\/index.php?rest_route=\/wp\/v2\/pages\/324\/revisions\/367"}],"wp:attachment":[{"href":"https:\/\/haubo-media.de\/index.php?rest_route=%2Fwp%2Fv2%2Fmedia&parent=324"}],"curies":[{"name":"wp","href":"https:\/\/api.w.org\/{rel}","templated":true}]}}